{"id":4400,"date":"2021-10-12T15:51:09","date_gmt":"2021-10-12T15:51:09","guid":{"rendered":"http:\/\/dummy.xtemos.com\/woodmart2\/elementor\/?page_id=4400"},"modified":"2025-09-14T21:21:55","modified_gmt":"2025-09-15T00:21:55","slug":"quem-somos","status":"publish","type":"page","link":"https:\/\/oticasredvision.com.br\/loja\/quem-somos\/","title":{"rendered":"Quem somos"},"content":{"rendered":"\t\t<div data-elementor-type=\"wp-page\" data-elementor-id=\"4400\" class=\"elementor elementor-4400\" data-elementor-post-type=\"page\">\n\t\t\t\t\t\t<section class=\"wd-negative-gap elementor-section elementor-top-section elementor-element elementor-element-b3154b2 elementor-section-full_width wd-section-stretch elementor-section-height-default elementor-section-height-default\" data-id=\"b3154b2\" data-element_type=\"section\" data-settings=\"{&quot;background_background&quot;:&quot;classic&quot;}\">\n\t\t\t\t\t\t<div class=\"elementor-container elementor-column-gap-default\">\n\t\t\t\t\t<div class=\"elementor-column elementor-col-100 elementor-top-column elementor-element elementor-element-9223bcf\" data-id=\"9223bcf\" data-element_type=\"column\">\n\t\t\t<div class=\"elementor-widget-wrap elementor-element-populated\">\n\t\t\t\t\t\t<div class=\"elementor-element elementor-element-c3b3c1c elementor-widget elementor-widget-spacer\" data-id=\"c3b3c1c\" data-element_type=\"widget\" data-widget_type=\"spacer.default\">\n\t\t\t\t<div class=\"elementor-widget-container\">\n\t\t\t\t\t\t\t<div class=\"elementor-spacer\">\n\t\t\t<div class=\"elementor-spacer-inner\"><\/div>\n\t\t<\/div>\n\t\t\t\t\t\t<\/div>\n\t\t\t\t<\/div>\n\t\t\t\t<div class=\"elementor-element elementor-element-895455b elementor-widget elementor-widget-spacer\" data-id=\"895455b\" data-element_type=\"widget\" data-widget_type=\"spacer.default\">\n\t\t\t\t<div class=\"elementor-widget-container\">\n\t\t\t\t\t\t\t<div class=\"elementor-spacer\">\n\t\t\t<div class=\"elementor-spacer-inner\"><\/div>\n\t\t<\/div>\n\t\t\t\t\t\t<\/div>\n\t\t\t\t<\/div>\n\t\t\t\t<section class=\"wd-negative-gap elementor-section elementor-inner-section elementor-element elementor-element-4f5b540 elementor-section-full_width elementor-section-content-top elementor-section-height-default elementor-section-height-default\" data-id=\"4f5b540\" data-element_type=\"section\" data-settings=\"{&quot;background_background&quot;:&quot;classic&quot;}\">\n\t\t\t\t\t\t<div class=\"elementor-container elementor-column-gap-default\">\n\t\t\t\t\t<div class=\"elementor-column elementor-col-100 elementor-inner-column elementor-element elementor-element-a9d246d\" data-id=\"a9d246d\" data-element_type=\"column\" data-settings=\"{&quot;background_background&quot;:&quot;classic&quot;}\">\n\t\t\t<div class=\"elementor-widget-wrap elementor-element-populated\">\n\t\t\t\t\t\t<div class=\"elementor-element elementor-element-b925c6b elementor-widget__width-initial elementor-widget-mobile__width-initial color-scheme-inherit text-left elementor-widget elementor-widget-text-editor\" data-id=\"b925c6b\" data-element_type=\"widget\" data-widget_type=\"text-editor.default\">\n\t\t\t\t<div class=\"elementor-widget-container\">\n\t\t\t\t\t\t\t\t\t<p>Muito prazer, sou a Redvision,<br>mas voc\u00ea pode me chamar de <span style=\"color: #8c2518;\">Red<\/span>.<\/p>\t\t\t\t\t\t\t\t<\/div>\n\t\t\t\t<\/div>\n\t\t\t\t<div class=\"elementor-element elementor-element-7641fec elementor-widget elementor-widget-spacer\" data-id=\"7641fec\" data-element_type=\"widget\" data-widget_type=\"spacer.default\">\n\t\t\t\t<div class=\"elementor-widget-container\">\n\t\t\t\t\t\t\t<div class=\"elementor-spacer\">\n\t\t\t<div class=\"elementor-spacer-inner\"><\/div>\n\t\t<\/div>\n\t\t\t\t\t\t<\/div>\n\t\t\t\t<\/div>\n\t\t\t\t<div class=\"elementor-element elementor-element-829fc69 elementor-widget__width-initial elementor-widget-mobile__width-initial color-scheme-inherit text-left elementor-widget elementor-widget-text-editor\" data-id=\"829fc69\" data-element_type=\"widget\" data-widget_type=\"text-editor.default\">\n\t\t\t\t<div class=\"elementor-widget-container\">\n\t\t\t\t\t\t\t\t\t<p>Sou uma \u00f3tica moderna e tenho a nobre miss\u00e3o de&nbsp;<b>fazer voc\u00ea ver o mundo por novas lentes.<\/b><\/p>\t\t\t\t\t\t\t\t<\/div>\n\t\t\t\t<\/div>\n\t\t\t\t\t<\/div>\n\t\t<\/div>\n\t\t\t\t\t<\/div>\n\t\t<\/section>\n\t\t\t\t\t<\/div>\n\t\t<\/div>\n\t\t\t\t\t<\/div>\n\t\t<\/section>\n\t\t<div class=\"wd-negative-gap elementor-element elementor-element-7c7c544 e-flex e-con-boxed e-con e-parent\" data-id=\"7c7c544\" data-element_type=\"container\">\n\t\t\t\t\t<div class=\"e-con-inner\">\n\t\t<div class=\"elementor-element elementor-element-e7cb5cd e-con-full e-flex e-con e-child\" data-id=\"e7cb5cd\" data-element_type=\"container\">\n\t\t\t\t<div class=\"elementor-element elementor-element-a64ce4a elementor-widget elementor-widget-wd_banner\" data-id=\"a64ce4a\" data-element_type=\"widget\" data-widget_type=\"wd_banner.default\">\n\t\t\t\t<div class=\"elementor-widget-container\">\n\t\t\t\t\t\t\t<div class=\"promo-banner-wrapper\">\n\t\t\t<div class=\"promo-banner banner-default banner-hover-zoom color-scheme-light banner-btn-size-small banner-btn-style-3d wd-with-link\">\n\t\t\t\t<div class=\"main-wrapp-img\">\n\t\t\t\t\t<div class=\"banner-image\">\n\t\t\t\t\t\t\t\t\t\t\t\t\t\t\t\t\t\t\t\t\t<img fetchpriority=\"high\" decoding=\"async\" width=\"4500\" height=\"1976\" src=\"https:\/\/oticasredvision.com.br\/loja\/wp-content\/uploads\/2025\/08\/Sobre-nos-Imagem-Banner-02.png\" class=\"attachment-full size-full\" alt=\"\" srcset=\"https:\/\/oticasredvision.com.br\/loja\/wp-content\/uploads\/2025\/08\/Sobre-nos-Imagem-Banner-02.png 4500w, https:\/\/oticasredvision.com.br\/loja\/wp-content\/uploads\/2025\/08\/Sobre-nos-Imagem-Banner-02-400x176.png 400w, https:\/\/oticasredvision.com.br\/loja\/wp-content\/uploads\/2025\/08\/Sobre-nos-Imagem-Banner-02-1300x571.png 1300w, https:\/\/oticasredvision.com.br\/loja\/wp-content\/uploads\/2025\/08\/Sobre-nos-Imagem-Banner-02-768x337.png 768w, https:\/\/oticasredvision.com.br\/loja\/wp-content\/uploads\/2025\/08\/Sobre-nos-Imagem-Banner-02-1536x674.png 1536w, https:\/\/oticasredvision.com.br\/loja\/wp-content\/uploads\/2025\/08\/Sobre-nos-Imagem-Banner-02-2048x899.png 2048w, https:\/\/oticasredvision.com.br\/loja\/wp-content\/uploads\/2025\/08\/Sobre-nos-Imagem-Banner-02-300x132.png 300w, https:\/\/oticasredvision.com.br\/loja\/wp-content\/uploads\/2025\/08\/Sobre-nos-Imagem-Banner-02-600x263.png 600w, https:\/\/oticasredvision.com.br\/loja\/wp-content\/uploads\/2025\/08\/Sobre-nos-Imagem-Banner-02-150x66.png 150w\" sizes=\"(max-width: 4500px) 100vw, 4500px\" \/>\t\t\t\t\t\t\t\t\t\t\t\t\t\t\t\t\t\t<\/div>\n\t\t\t\t<\/div>\n\n\t\t\t\t<div class=\"wrapper-content-banner wd-fill wd-items-middle wd-justify-left\">\n\t\t\t\t\t<div class=\"content-banner  text-left\">\n\t\t\t\t\t\t\n\t\t\t\t\t\t\n\t\t\t\t\t\t\n\t\t\t\t\t\t\n\t\t\t\t\t\t\t\t\t\t\t<\/div>\n\t\t\t\t<\/div>\n\n\t\t\t\t\t\t\t\t\t<a href=\"#\" class=\"wd-promo-banner-link wd-fill\" aria-label=\"Banner link\"><\/a>\n\t\t\t\t\t\t\t<\/div>\n\t\t<\/div>\n\t\t\t\t\t\t<\/div>\n\t\t\t\t<\/div>\n\t\t\t\t<\/div>\n\t\t<div class=\"elementor-element elementor-element-97d6084 e-con-full e-flex e-con e-child\" data-id=\"97d6084\" data-element_type=\"container\">\n\t\t\t\t<div class=\"elementor-element elementor-element-98d830b elementor-widget__width-initial wd-width-100 elementor-widget elementor-widget-wd_title\" data-id=\"98d830b\" data-element_type=\"widget\" data-widget_type=\"wd_title.default\">\n\t\t\t\t<div class=\"elementor-widget-container\">\n\t\t\t\t\t\t\t<div class=\"title-wrapper wd-set-mb reset-last-child wd-title-color-primary wd-title-style-default wd-title-size-large text-left\">\n\n\t\t\t\n\t\t\t<div class=\"liner-continer\">\n\t\t\t\t<h4 class=\"woodmart-title-container title wd-fontsize-xxl\">Como?<\/h4> \n\t\t\t\t\t\t\t<\/div>\n\n\t\t\t\t\t<\/div>\n\t\t\t\t\t\t<\/div>\n\t\t\t\t<\/div>\n\t\t\t\t<div class=\"elementor-element elementor-element-66e47ad elementor-widget elementor-widget-wd_text_block\" data-id=\"66e47ad\" data-element_type=\"widget\" data-widget_type=\"wd_text_block.default\">\n\t\t\t\t<div class=\"elementor-widget-container\">\n\t\t\t\t\t\t\t<div class=\"wd-text-block reset-last-child text-left\">\n\t\t\t\n\t\t\t<p>Democratizando <b>lentes de alto padr\u00e3o<\/b> para que <br \/><b>todos possam ter acesso<\/b> \u00e0 melhor qualidade em<br \/>\u00f3culos com agilidade e conforto.<\/p>\n\t\t\t\t\t<\/div>\n\t\t\t\t\t\t<\/div>\n\t\t\t\t<\/div>\n\t\t\t\t<\/div>\n\t\t\t\t\t<\/div>\n\t\t\t\t<\/div>\n\t\t<div class=\"elementor-element elementor-element-ef5931c e-con-full wd-section-stretch e-flex e-con e-parent\" data-id=\"ef5931c\" data-element_type=\"container\" data-settings=\"{&quot;background_background&quot;:&quot;classic&quot;}\">\n\t\t<div class=\"elementor-element elementor-element-2e20c30 e-con-full e-flex e-con e-child\" data-id=\"2e20c30\" data-element_type=\"container\">\n\t\t\t\t<div class=\"elementor-element elementor-element-c98a238 elementor-widget elementor-widget-wd_text_block\" data-id=\"c98a238\" data-element_type=\"widget\" data-widget_type=\"wd_text_block.default\">\n\t\t\t\t<div class=\"elementor-widget-container\">\n\t\t\t\t\t\t\t<div class=\"wd-text-block reset-last-child text-left color-alt\">\n\t\t\t\n\t\t\t<p>Sabe aquela ideia ultrapassada de que ir \u00e0 \u00f3tica \u00e9 um t\u00e9dio, e que o atendimento demora uma eternidade?<\/p>\n\t\t\t\t\t<\/div>\n\t\t\t\t\t\t<\/div>\n\t\t\t\t<\/div>\n\t\t\t\t<div class=\"elementor-element elementor-element-8192033 elementor-widget elementor-widget-wd_text_block\" data-id=\"8192033\" data-element_type=\"widget\" data-widget_type=\"wd_text_block.default\">\n\t\t\t\t<div class=\"elementor-widget-container\">\n\t\t\t\t\t\t\t<div class=\"wd-text-block reset-last-child text-left color-alt\">\n\t\t\t\n\t\t\t<p>POIS \u00c9, AQUI ISSO<br \/>\u00c9 COISA DO PASSADO.<\/p>\n\t\t\t\t\t<\/div>\n\t\t\t\t\t\t<\/div>\n\t\t\t\t<\/div>\n\t\t\t\t<div class=\"elementor-element elementor-element-dc3a214 elementor-widget elementor-widget-wd_text_block\" data-id=\"dc3a214\" data-element_type=\"widget\" data-widget_type=\"wd_text_block.default\">\n\t\t\t\t<div class=\"elementor-widget-container\">\n\t\t\t\t\t\t\t<div class=\"wd-text-block reset-last-child text-left color-alt\">\n\t\t\t\n\t\t\t<p>Com os nossos\u00a0<strong>laborat\u00f3rios de lentes<\/strong>\u00a0equipados com\u00a0<strong>tecnologia de \u00faltima gera\u00e7\u00e3o<\/strong>, voc\u00ea tem mais qualidade e agilidade na confec\u00e7\u00e3o dos seus \u00f3culos.<\/p><p>Eu ofere\u00e7o\u00a0<b>novas lentes e \u00f3culos prontos em apenas 30 minutos<\/b>, e ainda ofere\u00e7o um\u00a0<b>exame gratuito<\/b>\u00a0para garantir que voc\u00ea esteja sempre com a vis\u00e3o em dia. E o melhor, tudo isso com \u00f3timo custo-benef\u00edcio.<\/p><p><b>Mas n\u00e3o \u00e9 s\u00f3 isso.<\/b>\u00a0Aqui na Red, voc\u00ea tamb\u00e9m tem uma experi\u00eancia de compra super confort\u00e1vel. Enquanto aguarda seu novo par, voc\u00ea pode\u00a0<b>relaxar<\/b>\u00a0em nossa cadeira massageadora, tomar um cafezinho ou refri, e bater um papo com nossos atendentes atenciosos.<\/p>\n\t\t\t\t\t<\/div>\n\t\t\t\t\t\t<\/div>\n\t\t\t\t<\/div>\n\t\t\t\t<\/div>\n\t\t<div class=\"elementor-element elementor-element-93d764a e-con-full e-flex e-con e-child\" data-id=\"93d764a\" data-element_type=\"container\">\n\t\t\t\t<div class=\"elementor-element elementor-element-c684896 elementor-pagination-position-inside elementor-arrows-position-inside elementor-widget elementor-widget-image-carousel\" data-id=\"c684896\" data-element_type=\"widget\" data-settings=\"{&quot;slides_to_show&quot;:&quot;1&quot;,&quot;navigation&quot;:&quot;both&quot;,&quot;autoplay&quot;:&quot;yes&quot;,&quot;pause_on_hover&quot;:&quot;yes&quot;,&quot;pause_on_interaction&quot;:&quot;yes&quot;,&quot;autoplay_speed&quot;:5000,&quot;infinite&quot;:&quot;yes&quot;,&quot;effect&quot;:&quot;slide&quot;,&quot;speed&quot;:500}\" data-widget_type=\"image-carousel.default\">\n\t\t\t\t<div class=\"elementor-widget-container\">\n\t\t\t\t\t\t\t<div class=\"elementor-image-carousel-wrapper swiper\" role=\"region\" aria-roledescription=\"carousel\" aria-label=\"Carrossel de imagens\" dir=\"ltr\">\n\t\t\t<div class=\"elementor-image-carousel swiper-wrapper\" aria-live=\"off\">\n\t\t\t\t\t\t\t\t<div class=\"swiper-slide\" role=\"group\" aria-roledescription=\"slide\" aria-label=\"1 de 2\"><figure class=\"swiper-slide-inner\"><img decoding=\"async\" class=\"swiper-slide-image\" src=\"https:\/\/oticasredvision.com.br\/loja\/wp-content\/uploads\/elementor\/thumbs\/Sobre-nos-Imagem-01-Banner-03-rbhvr0iklt0i28hvyxmuchas6oa6tn9c8lnppt1x5s.png\" alt=\"Sobre-nos-Imagem-01-Banner-03.png\" \/><\/figure><\/div><div class=\"swiper-slide\" role=\"group\" aria-roledescription=\"slide\" aria-label=\"2 de 2\"><figure class=\"swiper-slide-inner\"><img decoding=\"async\" class=\"swiper-slide-image\" src=\"https:\/\/oticasredvision.com.br\/loja\/wp-content\/uploads\/elementor\/thumbs\/Sobre-nos-Imagem-02-Banner-03-rbhvr57rjz6xoab27hnz6y435ln0w4rzx8x546uyao.png\" alt=\"Sobre-nos-Imagem-02-Banner-03.png\" \/><\/figure><\/div>\t\t\t<\/div>\n\t\t\t\t\t\t\t\t\t\t\t\t<div class=\"elementor-swiper-button elementor-swiper-button-prev\" role=\"button\" tabindex=\"0\">\n\t\t\t\t\t\t<svg aria-hidden=\"true\" class=\"e-font-icon-svg e-eicon-chevron-left\" viewBox=\"0 0 1000 1000\" xmlns=\"http:\/\/www.w3.org\/2000\/svg\"><path d=\"M646 125C629 125 613 133 604 142L308 442C296 454 292 471 292 487 292 504 296 521 308 533L604 854C617 867 629 875 646 875 663 875 679 871 692 858 704 846 713 829 713 812 713 796 708 779 692 767L438 487 692 225C700 217 708 204 708 187 708 171 704 154 692 142 675 129 663 125 646 125Z\"><\/path><\/svg>\t\t\t\t\t<\/div>\n\t\t\t\t\t<div class=\"elementor-swiper-button elementor-swiper-button-next\" role=\"button\" tabindex=\"0\">\n\t\t\t\t\t\t<svg aria-hidden=\"true\" class=\"e-font-icon-svg e-eicon-chevron-right\" viewBox=\"0 0 1000 1000\" xmlns=\"http:\/\/www.w3.org\/2000\/svg\"><path d=\"M696 533C708 521 713 504 713 487 713 471 708 454 696 446L400 146C388 133 375 125 354 125 338 125 325 129 313 142 300 154 292 171 292 187 292 204 296 221 308 233L563 492 304 771C292 783 288 800 288 817 288 833 296 850 308 863 321 871 338 875 354 875 371 875 388 867 400 854L696 533Z\"><\/path><\/svg>\t\t\t\t\t<\/div>\n\t\t\t\t\n\t\t\t\t\t\t\t\t\t<div class=\"swiper-pagination\"><\/div>\n\t\t\t\t\t\t\t\t\t<\/div>\n\t\t\t\t\t\t<\/div>\n\t\t\t\t<\/div>\n\t\t\t\t<\/div>\n\t\t\t\t<\/div>\n\t\t<div class=\"wd-negative-gap elementor-element elementor-element-8242ba6 e-flex e-con-boxed e-con e-parent\" data-id=\"8242ba6\" data-element_type=\"container\">\n\t\t\t\t\t<div class=\"e-con-inner\">\n\t\t<div class=\"elementor-element elementor-element-ce3f9b8 e-con-full e-flex e-con e-child\" data-id=\"ce3f9b8\" data-element_type=\"container\">\n\t\t\t\t<div class=\"elementor-element elementor-element-e78c607 elementor-widget__width-initial elementor-widget-mobile__width-initial elementor-widget elementor-widget-image\" data-id=\"e78c607\" data-element_type=\"widget\" data-widget_type=\"image.default\">\n\t\t\t\t<div class=\"elementor-widget-container\">\n\t\t\t\t\t\t\t\t\t\t\t\t\t\t\t<img decoding=\"async\" width=\"404\" height=\"434\" src=\"https:\/\/oticasredvision.com.br\/loja\/wp-content\/uploads\/2025\/08\/Home-Banner-02.png\" class=\"attachment-medium_large size-medium_large wp-image-29697\" alt=\"\" srcset=\"https:\/\/oticasredvision.com.br\/loja\/wp-content\/uploads\/2025\/08\/Home-Banner-02.png 404w, https:\/\/oticasredvision.com.br\/loja\/wp-content\/uploads\/2025\/08\/Home-Banner-02-279x300.png 279w, https:\/\/oticasredvision.com.br\/loja\/wp-content\/uploads\/2025\/08\/Home-Banner-02-300x322.png 300w, https:\/\/oticasredvision.com.br\/loja\/wp-content\/uploads\/2025\/08\/Home-Banner-02-150x161.png 150w\" sizes=\"(max-width: 404px) 100vw, 404px\" \/>\t\t\t\t\t\t\t\t\t\t\t\t\t\t\t<\/div>\n\t\t\t\t<\/div>\n\t\t\t\t<\/div>\n\t\t<div class=\"elementor-element elementor-element-4c12526 e-con-full e-flex e-con e-child\" data-id=\"4c12526\" data-element_type=\"container\">\n\t\t\t\t<div class=\"elementor-element elementor-element-9a09dac elementor-widget__width-initial wd-width-100 elementor-widget elementor-widget-wd_title\" data-id=\"9a09dac\" data-element_type=\"widget\" data-widget_type=\"wd_title.default\">\n\t\t\t\t<div class=\"elementor-widget-container\">\n\t\t\t\t\t\t\t<div class=\"title-wrapper wd-set-mb reset-last-child wd-title-color-primary wd-title-style-default wd-title-size-large text-left\">\n\n\t\t\t\n\t\t\t<div class=\"liner-continer\">\n\t\t\t\t<h4 class=\"woodmart-title-container title wd-fontsize-xxl\">E sabe o que mais?<\/h4> \n\t\t\t\t\t\t\t<\/div>\n\n\t\t\t\t\t<\/div>\n\t\t\t\t\t\t<\/div>\n\t\t\t\t<\/div>\n\t\t\t\t<div class=\"elementor-element elementor-element-effbb87 elementor-widget elementor-widget-wd_text_block\" data-id=\"effbb87\" data-element_type=\"widget\" data-widget_type=\"wd_text_block.default\">\n\t\t\t\t<div class=\"elementor-widget-container\">\n\t\t\t\t\t\t\t<div class=\"wd-text-block reset-last-child text-left\">\n\t\t\t\n\t\t\t<p>Voc\u00ea pode confiar em <b>cada especialista da Red<\/b><br \/>de olhos fechados. Minha equipe \u00e9 experiente e est\u00e1 <br \/>sempre em busca do <b>melhor<\/b> para voc\u00ea.<\/p>\n\t\t\t\t\t<\/div>\n\t\t\t\t\t\t<\/div>\n\t\t\t\t<\/div>\n\t\t\t\t<div class=\"elementor-element elementor-element-80e41ad elementor-widget elementor-widget-wd_text_block\" data-id=\"80e41ad\" data-element_type=\"widget\" data-widget_type=\"wd_text_block.default\">\n\t\t\t\t<div class=\"elementor-widget-container\">\n\t\t\t\t\t\t\t<div class=\"wd-text-block reset-last-child text-left\">\n\t\t\t\n\t\t\t<p><b><strong>Ent\u00e3o, se voc\u00ea busca uma<br \/>nova perspectiva na compra de lentes<br \/>e arma\u00e7\u00f5es, voc\u00ea est\u00e1 no lugar certo.<\/strong><\/b><\/p><p><b><strong>VEM PRA RED!<\/strong><\/b><\/p><p>Tenho certeza que voc\u00ea nunca viu uma \u00f3tica assim.<\/p>\n\t\t\t\t\t<\/div>\n\t\t\t\t\t\t<\/div>\n\t\t\t\t<\/div>\n\t\t\t\t<div class=\"elementor-element elementor-element-8eb134f elementor-widget elementor-widget-wd_button\" data-id=\"8eb134f\" data-element_type=\"widget\" data-widget_type=\"wd_button.default\">\n\t\t\t\t<div class=\"elementor-widget-container\">\n\t\t\t\t\t\t\t<div class=\"wd-button-wrapper text-left\" >\n\t\t\t<a class=\"btn btn-style-default btn-shape-semi-round btn-size-default btn-color-primary btn-icon-pos-right\"  href=\"https:\/\/oticasredvision.com.br\/loja\/#lojas\">\n\t\t\t\t<span class=\"wd-btn-text\" data-elementor-setting-key=\"text\">\n\t\t\t\t\tConhe\u00e7a nossas lojas\t\t\t\t<\/span>\n\n\t\t\t\t\t\t\t<\/a>\n\t\t<\/div>\n\t\t\t\t\t\t<\/div>\n\t\t\t\t<\/div>\n\t\t\t\t<\/div>\n\t\t\t\t\t<\/div>\n\t\t\t\t<\/div>\n\t\t\t\t<\/div>\n\t\t","protected":false},"excerpt":{"rendered":"<p>Muito prazer, sou a Redvision,mas voc\u00ea pode me chamar de Red. Sou uma \u00f3tica moderna e tenho a nobre miss\u00e3o<\/p>\n","protected":false},"author":5,"featured_media":0,"parent":0,"menu_order":0,"comment_status":"closed","ping_status":"closed","template":"","meta":{"footnotes":""},"class_list":["post-4400","page","type-page","status-publish","hentry"],"_links":{"self":[{"href":"https:\/\/oticasredvision.com.br\/loja\/wp-json\/wp\/v2\/pages\/4400","targetHints":{"allow":["GET"]}}],"collection":[{"href":"https:\/\/oticasredvision.com.br\/loja\/wp-json\/wp\/v2\/pages"}],"about":[{"href":"https:\/\/oticasredvision.com.br\/loja\/wp-json\/wp\/v2\/types\/page"}],"author":[{"embeddable":true,"href":"https:\/\/oticasredvision.com.br\/loja\/wp-json\/wp\/v2\/users\/5"}],"replies":[{"embeddable":true,"href":"https:\/\/oticasredvision.com.br\/loja\/wp-json\/wp\/v2\/comments?post=4400"}],"version-history":[{"count":317,"href":"https:\/\/oticasredvision.com.br\/loja\/wp-json\/wp\/v2\/pages\/4400\/revisions"}],"predecessor-version":[{"id":32007,"href":"https:\/\/oticasredvision.com.br\/loja\/wp-json\/wp\/v2\/pages\/4400\/revisions\/32007"}],"wp:attachment":[{"href":"https:\/\/oticasredvision.com.br\/loja\/wp-json\/wp\/v2\/media?parent=4400"}],"curies":[{"name":"wp","href":"https:\/\/api.w.org\/{rel}","templated":true}]}}