{"id":45,"date":"2021-08-26T12:21:44","date_gmt":"2021-08-26T12:21:44","guid":{"rendered":"http:\/\/dummy.xtemos.com\/woodmart2\/elementor\/?page_id=45"},"modified":"2024-01-28T08:21:38","modified_gmt":"2024-01-28T11:21:38","slug":"comparar","status":"publish","type":"page","link":"https:\/\/oticasredvision.com.br\/loja\/comparar\/","title":{"rendered":"Comparar"},"content":{"rendered":"\t\t<p class=\"wd-empty-compare wd-empty-page\">\n\t\t\tA lista de compara\u00e7\u00e3o est\u00e1 vazia.\t\t<\/p>\n\t\t\t\t\t<div class=\"wd-empty-page-text\">\n\t\t\t\tNenhum produto adicionado na lista de compara\u00e7\u00e3o. Voc\u00ea deve adicionar alguns produtos para compar\u00e1-los.<br> Voc\u00ea encontrar\u00e1 muitos produtos interessantes em nossa p\u00e1gina \"Loja\".\t\t\t<\/div>\n\t\t\t\t<p class=\"return-to-shop\">\n\t\t\t<a class=\"button\" href=\"https:\/\/oticasredvision.com.br\/loja\/loja\/\">\n\t\t\t\tVoltar \u00e0 Loja\t\t\t<\/a>\n\t\t<\/p>\n\t\t\n","protected":false},"excerpt":{"rendered":"","protected":false},"author":5,"featured_media":0,"parent":0,"menu_order":0,"comment_status":"closed","ping_status":"closed","template":"","meta":{"footnotes":""},"class_list":["post-45","page","type-page","status-publish","hentry"],"_links":{"self":[{"href":"https:\/\/oticasredvision.com.br\/loja\/wp-json\/wp\/v2\/pages\/45","targetHints":{"allow":["GET"]}}],"collection":[{"href":"https:\/\/oticasredvision.com.br\/loja\/wp-json\/wp\/v2\/pages"}],"about":[{"href":"https:\/\/oticasredvision.com.br\/loja\/wp-json\/wp\/v2\/types\/page"}],"author":[{"embeddable":true,"href":"https:\/\/oticasredvision.com.br\/loja\/wp-json\/wp\/v2\/users\/5"}],"replies":[{"embeddable":true,"href":"https:\/\/oticasredvision.com.br\/loja\/wp-json\/wp\/v2\/comments?post=45"}],"version-history":[{"count":2,"href":"https:\/\/oticasredvision.com.br\/loja\/wp-json\/wp\/v2\/pages\/45\/revisions"}],"predecessor-version":[{"id":25298,"href":"https:\/\/oticasredvision.com.br\/loja\/wp-json\/wp\/v2\/pages\/45\/revisions\/25298"}],"wp:attachment":[{"href":"https:\/\/oticasredvision.com.br\/loja\/wp-json\/wp\/v2\/media?parent=45"}],"curies":[{"name":"wp","href":"https:\/\/api.w.org\/{rel}","templated":true}]}}