{"id":30442,"date":"2025-09-02T11:25:11","date_gmt":"2025-09-02T14:25:11","guid":{"rendered":"https:\/\/oticasredvision.com.br\/loja\/?post_type=product&#038;p=30442"},"modified":"2025-10-22T18:03:51","modified_gmt":"2025-10-22T21:03:51","slug":"ray-ban-0rx8778d-armacao-de-tinanio","status":"publish","type":"product","link":"https:\/\/oticasredvision.com.br\/loja\/produto\/ray-ban-0rx8778d-armacao-de-tinanio\/","title":{"rendered":"Ray-Ban \u200b0RX8778D &#8211; Arma\u00e7\u00e3o de Tit\u00e2nio"},"content":{"rendered":"","protected":false},"excerpt":{"rendered":"","protected":false},"featured_media":30450,"comment_status":"closed","ping_status":"closed","template":"","meta":[],"product_brand":[315],"product_cat":[217],"product_tag":[166],"class_list":{"0":"post-30442","1":"product","2":"type-product","3":"status-publish","4":"has-post-thumbnail","6":"product_brand-rayban","7":"product_cat-armacao-para-grau","8":"product_tag-lancamentos","10":"first","11":"instock","12":"shipping-taxable","13":"purchasable","14":"product-type-simple"},"_links":{"self":[{"href":"https:\/\/oticasredvision.com.br\/loja\/wp-json\/wp\/v2\/product\/30442","targetHints":{"allow":["GET"]}}],"collection":[{"href":"https:\/\/oticasredvision.com.br\/loja\/wp-json\/wp\/v2\/product"}],"about":[{"href":"https:\/\/oticasredvision.com.br\/loja\/wp-json\/wp\/v2\/types\/product"}],"replies":[{"embeddable":true,"href":"https:\/\/oticasredvision.com.br\/loja\/wp-json\/wp\/v2\/comments?post=30442"}],"version-history":[{"count":2,"href":"https:\/\/oticasredvision.com.br\/loja\/wp-json\/wp\/v2\/product\/30442\/revisions"}],"predecessor-version":[{"id":31969,"href":"https:\/\/oticasredvision.com.br\/loja\/wp-json\/wp\/v2\/product\/30442\/revisions\/31969"}],"wp:featuredmedia":[{"embeddable":true,"href":"https:\/\/oticasredvision.com.br\/loja\/wp-json\/wp\/v2\/media\/30450"}],"wp:attachment":[{"href":"https:\/\/oticasredvision.com.br\/loja\/wp-json\/wp\/v2\/media?parent=30442"}],"wp:term":[{"taxonomy":"product_brand","embeddable":true,"href":"https:\/\/oticasredvision.com.br\/loja\/wp-json\/wp\/v2\/product_brand?post=30442"},{"taxonomy":"product_cat","embeddable":true,"href":"https:\/\/oticasredvision.com.br\/loja\/wp-json\/wp\/v2\/product_cat?post=30442"},{"taxonomy":"product_tag","embeddable":true,"href":"https:\/\/oticasredvision.com.br\/loja\/wp-json\/wp\/v2\/product_tag?post=30442"}],"curies":[{"name":"wp","href":"https:\/\/api.w.org\/{rel}","templated":true}]}}