{"id":30929,"date":"2025-09-03T15:02:52","date_gmt":"2025-09-03T18:02:52","guid":{"rendered":"https:\/\/oticasredvision.com.br\/loja\/?post_type=product&#038;p=30929"},"modified":"2025-09-19T10:58:33","modified_gmt":"2025-09-19T13:58:33","slug":"ray-ban-0rx6285-armacao-em-aluminio","status":"publish","type":"product","link":"https:\/\/oticasredvision.com.br\/loja\/produto\/ray-ban-0rx6285-armacao-em-aluminio\/","title":{"rendered":"Ray-Ban 0RX6285 &#8211; Arma\u00e7\u00e3o em Alum\u00ednio"},"content":{"rendered":"","protected":false},"excerpt":{"rendered":"","protected":false},"featured_media":30942,"comment_status":"closed","ping_status":"closed","template":"","meta":[],"product_brand":[315],"product_cat":[217],"product_tag":[166,415],"class_list":{"0":"post-30929","1":"product","2":"type-product","3":"status-publish","4":"has-post-thumbnail","6":"product_brand-rayban","7":"product_cat-armacao-para-grau","8":"product_tag-lancamentos","9":"product_tag-pi","11":"first","12":"instock","13":"shipping-taxable","14":"purchasable","15":"product-type-variable"},"_links":{"self":[{"href":"https:\/\/oticasredvision.com.br\/loja\/wp-json\/wp\/v2\/product\/30929","targetHints":{"allow":["GET"]}}],"collection":[{"href":"https:\/\/oticasredvision.com.br\/loja\/wp-json\/wp\/v2\/product"}],"about":[{"href":"https:\/\/oticasredvision.com.br\/loja\/wp-json\/wp\/v2\/types\/product"}],"replies":[{"embeddable":true,"href":"https:\/\/oticasredvision.com.br\/loja\/wp-json\/wp\/v2\/comments?post=30929"}],"version-history":[{"count":1,"href":"https:\/\/oticasredvision.com.br\/loja\/wp-json\/wp\/v2\/product\/30929\/revisions"}],"predecessor-version":[{"id":30933,"href":"https:\/\/oticasredvision.com.br\/loja\/wp-json\/wp\/v2\/product\/30929\/revisions\/30933"}],"wp:featuredmedia":[{"embeddable":true,"href":"https:\/\/oticasredvision.com.br\/loja\/wp-json\/wp\/v2\/media\/30942"}],"wp:attachment":[{"href":"https:\/\/oticasredvision.com.br\/loja\/wp-json\/wp\/v2\/media?parent=30929"}],"wp:term":[{"taxonomy":"product_brand","embeddable":true,"href":"https:\/\/oticasredvision.com.br\/loja\/wp-json\/wp\/v2\/product_brand?post=30929"},{"taxonomy":"product_cat","embeddable":true,"href":"https:\/\/oticasredvision.com.br\/loja\/wp-json\/wp\/v2\/product_cat?post=30929"},{"taxonomy":"product_tag","embeddable":true,"href":"https:\/\/oticasredvision.com.br\/loja\/wp-json\/wp\/v2\/product_tag?post=30929"}],"curies":[{"name":"wp","href":"https:\/\/api.w.org\/{rel}","templated":true}]}}