{"id":31595,"date":"2025-09-05T13:15:33","date_gmt":"2025-09-05T16:15:33","guid":{"rendered":"https:\/\/oticasredvision.com.br\/loja\/?post_type=product&#038;p=31595"},"modified":"2025-09-19T11:36:33","modified_gmt":"2025-09-19T14:36:33","slug":"vogue-eyewear-0vo5608-armacao-de-nailon","status":"publish","type":"product","link":"https:\/\/oticasredvision.com.br\/loja\/produto\/vogue-eyewear-0vo5608-armacao-de-nailon\/","title":{"rendered":"Vogue Eyewear 0VO5608 &#8211; Arma\u00e7\u00e3o de N\u00e1ilon"},"content":{"rendered":"","protected":false},"excerpt":{"rendered":"","protected":false},"featured_media":31607,"comment_status":"closed","ping_status":"closed","template":"","meta":[],"product_brand":[406],"product_cat":[217],"product_tag":[166],"class_list":{"0":"post-31595","1":"product","2":"type-product","3":"status-publish","4":"has-post-thumbnail","6":"product_brand-vogue-eyewear","7":"product_cat-armacao-para-grau","8":"product_tag-lancamentos","10":"first","11":"instock","12":"shipping-taxable","13":"purchasable","14":"product-type-variable"},"_links":{"self":[{"href":"https:\/\/oticasredvision.com.br\/loja\/wp-json\/wp\/v2\/product\/31595","targetHints":{"allow":["GET"]}}],"collection":[{"href":"https:\/\/oticasredvision.com.br\/loja\/wp-json\/wp\/v2\/product"}],"about":[{"href":"https:\/\/oticasredvision.com.br\/loja\/wp-json\/wp\/v2\/types\/product"}],"replies":[{"embeddable":true,"href":"https:\/\/oticasredvision.com.br\/loja\/wp-json\/wp\/v2\/comments?post=31595"}],"version-history":[{"count":2,"href":"https:\/\/oticasredvision.com.br\/loja\/wp-json\/wp\/v2\/product\/31595\/revisions"}],"predecessor-version":[{"id":31599,"href":"https:\/\/oticasredvision.com.br\/loja\/wp-json\/wp\/v2\/product\/31595\/revisions\/31599"}],"wp:featuredmedia":[{"embeddable":true,"href":"https:\/\/oticasredvision.com.br\/loja\/wp-json\/wp\/v2\/media\/31607"}],"wp:attachment":[{"href":"https:\/\/oticasredvision.com.br\/loja\/wp-json\/wp\/v2\/media?parent=31595"}],"wp:term":[{"taxonomy":"product_brand","embeddable":true,"href":"https:\/\/oticasredvision.com.br\/loja\/wp-json\/wp\/v2\/product_brand?post=31595"},{"taxonomy":"product_cat","embeddable":true,"href":"https:\/\/oticasredvision.com.br\/loja\/wp-json\/wp\/v2\/product_cat?post=31595"},{"taxonomy":"product_tag","embeddable":true,"href":"https:\/\/oticasredvision.com.br\/loja\/wp-json\/wp\/v2\/product_tag?post=31595"}],"curies":[{"name":"wp","href":"https:\/\/api.w.org\/{rel}","templated":true}]}}